{"id":31,"date":"2014-12-16T23:17:50","date_gmt":"2014-12-16T21:17:50","guid":{"rendered":"https:\/\/oeztoprakservice.mediadesign-linke.de\/?page_id=31"},"modified":"2024-05-29T16:48:19","modified_gmt":"2024-05-29T14:48:19","slug":"impressum","status":"publish","type":"page","link":"https:\/\/oeztoprakservice.mediadesign-linke.de\/index.php\/impressum\/","title":{"rendered":"Impressum"},"content":{"rendered":"<h2>Angaben gem\u00e4\u00df gesetzlichen Anforderungen<\/h2>\n<p>\u00d6ztoprak Service GmbH<br \/>\nAn der Windm\u00fchle 9<br \/>\n38226 Salzgitter<\/p>\n<p>Handelsregister: HRB 204767<br \/>\nRegistergericht: Amtsgericht Braunschweig<\/p>\n<p><strong>Vertreten durch die Gesch\u00e4ftsf\u00fchrer:<\/strong><br \/>\nEmrah \u00d6ztoprak &#8211; Gesch\u00e4ftsf\u00fchrer<br \/>\nSevim \u00d6ztoprak &#8211; Gesellschafterin<br \/>\nEsam \u00d6ztoprak &#8211; Gesellschafter<\/p>\n<h2>Kontakt<\/h2>\n<p>Telefon: 05341 \/ 8487159<br \/>\nTelefax: 05341 \/ 8487163<br \/>\nE-Mail: info@oeztoprak-service.de<\/p>\n<h2>Umsatzsteuer<\/h2>\n<p>Umsatzsteuer-Identifikationsnummer gem\u00e4\u00df \u00a727 a Umsatzsteuergesetz:<br \/>\nDE295697471<\/p>\n<h2>Redaktionell verantwortlich<\/h2>\n<p>Emrah \u00d6ztoprak<br \/>\nAn der Windm\u00fchle 9<br \/>\n38226 Salzgitter<\/p>\n<h2>Streitschlichtung<\/h2>\n<p>Die Europ\u00e4ische Kommission stellt eine Plattform zur Online-Streitbeilegung (OS) bereit: <a href=\"https:\/\/ec.europa.eu\/consumers\/odr\" target=\"_blank\" rel=\"noopener\">https:\/\/ec.europa.eu\/consumers\/odr<\/a>.<br \/>\nUnsere E-Mail-Adresse finden Sie oben im Impressum.<\/p>\n<p>Wir sind nicht bereit oder verpflichtet, an Streitbeilegungsverfahren vor einer Verbraucherschlichtungsstelle teilzunehmen.<\/p>\n<p>Gestaltung: <a href=\"https:\/\/www.mediadesign-linke.de\" target=\"_blank\" rel=\"noopener\">www.mediadesign-linke.de<\/a><\/p>\n","protected":false},"excerpt":{"rendered":"<p>Angaben gem\u00e4\u00df gesetzlichen Anforderungen \u00d6ztoprak Service GmbH An der Windm\u00fchle 9 38226 Salzgitter Handelsregister: HRB 204767 Registergericht: Amtsgericht Braunschweig Vertreten durch die Gesch\u00e4ftsf\u00fchrer: Emrah \u00d6ztoprak &#8211; Gesch\u00e4ftsf\u00fchrer Sevim \u00d6ztoprak &#8211; Gesellschafterin Esam \u00d6ztoprak &#8211; Gesellschafter Kontakt Telefon: 05341 \/ 8487159 &#8230; <a class=\"more-link\" href=\"https:\/\/oeztoprakservice.mediadesign-linke.de\/index.php\/impressum\/\">Read More &raquo;<\/a><\/p>\n","protected":false},"author":1,"featured_media":0,"parent":0,"menu_order":0,"comment_status":"closed","ping_status":"closed","template":"","meta":{"footnotes":""},"class_list":["post-31","page","type-page","status-publish","hentry"],"_links":{"self":[{"href":"https:\/\/oeztoprakservice.mediadesign-linke.de\/index.php\/wp-json\/wp\/v2\/pages\/31","targetHints":{"allow":["GET"]}}],"collection":[{"href":"https:\/\/oeztoprakservice.mediadesign-linke.de\/index.php\/wp-json\/wp\/v2\/pages"}],"about":[{"href":"https:\/\/oeztoprakservice.mediadesign-linke.de\/index.php\/wp-json\/wp\/v2\/types\/page"}],"author":[{"embeddable":true,"href":"https:\/\/oeztoprakservice.mediadesign-linke.de\/index.php\/wp-json\/wp\/v2\/users\/1"}],"replies":[{"embeddable":true,"href":"https:\/\/oeztoprakservice.mediadesign-linke.de\/index.php\/wp-json\/wp\/v2\/comments?post=31"}],"version-history":[{"count":8,"href":"https:\/\/oeztoprakservice.mediadesign-linke.de\/index.php\/wp-json\/wp\/v2\/pages\/31\/revisions"}],"predecessor-version":[{"id":333,"href":"https:\/\/oeztoprakservice.mediadesign-linke.de\/index.php\/wp-json\/wp\/v2\/pages\/31\/revisions\/333"}],"wp:attachment":[{"href":"https:\/\/oeztoprakservice.mediadesign-linke.de\/index.php\/wp-json\/wp\/v2\/media?parent=31"}],"curies":[{"name":"wp","href":"https:\/\/api.w.org\/{rel}","templated":true}]}}