{"id":27,"date":"2014-12-16T23:16:41","date_gmt":"2014-12-16T21:16:41","guid":{"rendered":"https:\/\/oeztoprakservice.mediadesign-linke.de\/?page_id=27"},"modified":"2014-12-30T15:40:58","modified_gmt":"2014-12-30T13:40:58","slug":"ueber-uns","status":"publish","type":"page","link":"https:\/\/oeztoprakservice.mediadesign-linke.de\/index.php\/ueber-uns\/","title":{"rendered":"\u00dcber uns"},"content":{"rendered":"<h2 class=\"h2_sonst\">\u00d6ztoprak Service GmbH \u2013 Ihr professioneller Partner f\u00fcr Sanierungen, Reinigungen und Co.<\/h2>\n<p>Das Schaffen mit unseren H\u00e4nden macht uns Freude und es erf\u00fcllt uns jedes Mal mit Stolz, wenn ein weiteres Projekt erfolgreich abgeschlossen wurde und wir in die zufriedenen Gesichter unserer Kunden blicken d\u00fcrfen.<\/p>\n<p>Dabei ist die N\u00e4he zum Kunden einer unserer ganz wesentlichen Hauptaspekte. Nur in direkter und gegenseitiger Absprache ist es m\u00f6glich, die ganz individuellen Interessen und W\u00fcnsche des Kunden zu realisieren. Unser einsatzfreudiges und freundliches Team ist dabei stets darauf bedacht, alle Arbeiten zu Ihrer vollsten Zufriedenheit umzusetzen.<\/p>\n<p>Ebenso spielt die Fortbildung f\u00fcr uns eine \u00fcbergeordnete Rolle: Um am Puls der Zeit zu bleiben, bauen wir unser Wissen stetig durch entsprechende Kurse und Lehrg\u00e4nge aus und geben diese Erfahrungen gerne an Sie als Kunden weiter. Denn nur so k\u00f6nnen wir Ihre Arbeiten und Projekte auch in Zukunft fachlich kompetent und zuverl\u00e4ssig umsetzen.<\/p>\n<h2 class=\"h2_sonst\">Ihre Vorteile im \u00dcberblick<\/h2>\n<ul>\n<li>Wir bieten langj\u00e4hrige Berufserfahrung<\/li>\n<li>Verwendung von hochwertigen Produkten<\/li>\n<li>Wir gehen individuell auf Ihre Kundenw\u00fcnsche ein<\/li>\n<li>Unsere Dienstleistungen decken eine Vielzahl von Bereichen ab \u2013 Sie erhalten alles aus einer Hand!<\/li>\n<\/ul>\n<h2 class=\"h2_sonst\">Sie haben Interesse oder m\u00f6chten gerne mehr erfahren?<\/h2>\n<p>Dann kontaktieren Sie uns unter der <strong>Telefonnummer 05341 8487159<\/strong> , wir freuen uns auf Ihren Anruf. Nutzen Sie auch gerne unser <span class=\"farbe-orange\">><\/span> <a href=\"https:\/\/oeztoprakservice.mediadesign-linke.de\/index.php\/kontakt\/\" title=\"Zum Kontaktformular der \u00d6ztoprak Service GmbH\"> Kontaktformular<\/a>.<\/p>\n<p>Ihr Team von der <span class=\"italic_sonst\">\u00d6ztoprak Service GmbH<\/span>.<\/p>\n<p><img loading=\"lazy\" decoding=\"async\" src=\"https:\/\/oeztoprakservice.mediadesign-linke.de\/wp-content\/uploads\/2014\/12\/oeztoprak-Service-GmbH-wassertropfen.png\" alt=\"\u00d6ztoprak Service GmbH - Wassertropfen\" title=\"\u00d6ztoprak Service GmbH - \u00dcber uns\" width=\"210\" height=\"139\" class=\"alignnone size-full wp-image-112\" \/><\/p>\n<p><h2 class=\"h2_sonst\">Gesch\u00e4ftsf\u00fchrer<\/h2>\n<p>Emrah \u00d6ztoprak<br \/>\nTelefon: <span class=\"farbe-orange\">><\/span> <a href=\"tel:015779062165\">01577 9062165<\/a><br \/>\nE-Mail: <span class=\"farbe-orange\">><\/span> <a href=\"&#109;&#97;&#105;&#108;&#116;&#111;&#58;&#105;&#110;&#102;&#111;&#64;&#111;&#101;&#122;&#116;&#111;&#112;&#114;&#97;&#107;&#45;&#115;&#101;&#114;&#118;&#105;&#99;&#101;&#46;&#100;&#101;\">&#105;&#110;&#102;&#111;&#64;&#111;&#101;&#122;&#116;&#111;&#112;&#114;&#97;&#107;&#45;&#115;&#101;&#114;&#118;&#105;&#99;&#101;&#46;&#100;&#101;<\/a><\/p>\n","protected":false},"excerpt":{"rendered":"<p>\u00d6ztoprak Service GmbH \u2013 Ihr professioneller Partner f\u00fcr Sanierungen, Reinigungen und Co. Das Schaffen mit unseren H\u00e4nden macht uns Freude und es erf\u00fcllt uns jedes Mal mit Stolz, wenn ein weiteres Projekt erfolgreich abgeschlossen wurde und wir in die zufriedenen &#8230; <a class=\"more-link\" href=\"https:\/\/oeztoprakservice.mediadesign-linke.de\/index.php\/ueber-uns\/\">Read More &raquo;<\/a><\/p>\n","protected":false},"author":1,"featured_media":0,"parent":0,"menu_order":0,"comment_status":"closed","ping_status":"closed","template":"","meta":{"footnotes":""},"class_list":["post-27","page","type-page","status-publish","hentry"],"_links":{"self":[{"href":"https:\/\/oeztoprakservice.mediadesign-linke.de\/index.php\/wp-json\/wp\/v2\/pages\/27","targetHints":{"allow":["GET"]}}],"collection":[{"href":"https:\/\/oeztoprakservice.mediadesign-linke.de\/index.php\/wp-json\/wp\/v2\/pages"}],"about":[{"href":"https:\/\/oeztoprakservice.mediadesign-linke.de\/index.php\/wp-json\/wp\/v2\/types\/page"}],"author":[{"embeddable":true,"href":"https:\/\/oeztoprakservice.mediadesign-linke.de\/index.php\/wp-json\/wp\/v2\/users\/1"}],"replies":[{"embeddable":true,"href":"https:\/\/oeztoprakservice.mediadesign-linke.de\/index.php\/wp-json\/wp\/v2\/comments?post=27"}],"version-history":[{"count":20,"href":"https:\/\/oeztoprakservice.mediadesign-linke.de\/index.php\/wp-json\/wp\/v2\/pages\/27\/revisions"}],"predecessor-version":[{"id":131,"href":"https:\/\/oeztoprakservice.mediadesign-linke.de\/index.php\/wp-json\/wp\/v2\/pages\/27\/revisions\/131"}],"wp:attachment":[{"href":"https:\/\/oeztoprakservice.mediadesign-linke.de\/index.php\/wp-json\/wp\/v2\/media?parent=27"}],"curies":[{"name":"wp","href":"https:\/\/api.w.org\/{rel}","templated":true}]}}