{"id":25,"date":"2014-12-16T23:16:26","date_gmt":"2014-12-16T21:16:26","guid":{"rendered":"https:\/\/oeztoprakservice.mediadesign-linke.de\/?page_id=25"},"modified":"2019-04-24T15:46:11","modified_gmt":"2019-04-24T13:46:11","slug":"trockeneisstrahlen","status":"publish","type":"page","link":"https:\/\/oeztoprakservice.mediadesign-linke.de\/index.php\/trockeneisstrahlen\/","title":{"rendered":"Trockeneisstrahlen"},"content":{"rendered":"<p>Trockeneisstrahlen entfernt unterschiedlichste Arten von Verschmutzungen ohne viel Aufwand und ist sogar umweltfreundlich. Anders als andere Reinigungsmethoden hinterl\u00e4sst diese Methode keine R\u00fcckst\u00e4nde. Deshalb ist Trockeneisstrahlen eine attraktive Alternative zu herk\u00f6mmlichen Reinigungsverfahren.<\/p>\n<p>Es erm\u00f6glicht direkt an der Produktionsst\u00e4tte zu reinigen, reduziert Produktionsausfallzeiten, greift Untergr\u00fcnde nicht an und ben\u00f6tigt keine Entsorgungsma\u00dfnahmen hinsichtlich des Strahlmittels. Der Einsatzbereich dieses neuartigen Reinigungsverfahrens ist fast unbegrenzt. Die vor allem in der Vergangenheit nur durch intensive und teure Handarbeit zu realisierenden Anwendungsgebiete und auch sehr schlecht zug\u00e4ngliche Stellen, wie z. B. Falze, Ecken und Kanten sind dadurch sehr gut zu reinigen.<\/p>\n<h2 class=\"h2_sonst\">Informationen zum Trockeneis<\/h2>\n<ul>\n<li>Trockeneis enth\u00e4lt kein Wasser<\/li>\n<li>Bei der Verarbeitung geht das Trockeneis \u00fcbergangslos in den gasf\u00f6rmigen Zustand \u00fcber, ohne vorher fl\u00fcssig zu werden. So sind besondere Entsorgungsma\u00dfnahmen \u00fcberfl\u00fcssig.<\/li>\n<li>W\u00e4hrend des ganzen Strahlvorganges gibt es keine Fl\u00fcssigphase.<\/li>\n<li>ist ein nicht scheuerndes, nicht entz\u00fcndbares und nicht leitendes Reinigungsverfahren<\/li>\n<li>ist umweltfreundlich und verwendet keine sekund\u00e4ren Schadstoffe wie L\u00f6sungsmittel oder Strahlmaterialien<\/li>\n<li>ist rein und f\u00fcr den Einsatz in der Nahrungsmittelindustrie zugelassen<\/li>\n<li>erm\u00f6glicht die Reinigung der meisten Objekte an Ort und Stelle ohne zeitintensive Demontage<\/li>\n<li>verursacht keine Sch\u00e4den an aktiven mechanischen oder Elektroteilen und erzeugt keine Feuergefahr<\/li>\n<li>eignet sich zur Entfernung von Produktionsr\u00fcckst\u00e4nden, Trennmitteln, Schadstoffen, Farben, \u00d6len und Biofilmen<\/li>\n<li>kann sanft wie bei der Beseitigung von Rauchsch\u00e4den an B\u00fcchern und aggressiv wie bei der Entfernung von Schwei\u00dfschlacken bei Fertigungsmitteln sein<\/li>\n<li>eignet sich f\u00fcr den Einsatz bei zahlreichen allgemeinen Anwendungen<\/li>\n<\/ul>\n<div class=\"trockeneisstrahlen-bilder\"><img loading=\"lazy\" decoding=\"async\" src=\"https:\/\/oeztoprakservice.mediadesign-linke.de\/wp-content\/uploads\/2014\/12\/Trockeneisstrahlen-Oeztoprak-Service-GmbH.jpg\" alt=\"Trockeneisstrahlen - \u00d6ztoprak Service GmbH\" title=\"Trockeneisstrahlen - \u00d6ztoprak Service GmbH\" width=\"225\" height=\"300\" class=\"alignnone size-full wp-image-194\" \/><\/div>\n<div class=\"trockeneisstrahlen-bilder\"><img loading=\"lazy\" decoding=\"async\" src=\"https:\/\/oeztoprakservice.mediadesign-linke.de\/wp-content\/uploads\/2014\/12\/Trockeneisstrahlen-Vergleich-Oeztoprak-Service-GmbH.jpg\" alt=\"Trockeneisstrahlen - \u00d6ztoprak Service GmbH\" title=\"Trockeneisstrahlen - \u00d6ztoprak Service GmbH\" width=\"223\" height=\"300\" class=\"alignnone size-full wp-image-196\" \/><\/div>\n<div class=\"sauber\"><\/div>\n","protected":false},"excerpt":{"rendered":"<p>Trockeneisstrahlen entfernt unterschiedlichste Arten von Verschmutzungen ohne viel Aufwand und ist sogar umweltfreundlich. Anders als andere Reinigungsmethoden hinterl\u00e4sst diese Methode keine R\u00fcckst\u00e4nde. Deshalb ist Trockeneisstrahlen eine attraktive Alternative zu herk\u00f6mmlichen Reinigungsverfahren. Es erm\u00f6glicht direkt an der Produktionsst\u00e4tte zu reinigen, reduziert &#8230; <a class=\"more-link\" href=\"https:\/\/oeztoprakservice.mediadesign-linke.de\/index.php\/trockeneisstrahlen\/\">Read More &raquo;<\/a><\/p>\n","protected":false},"author":1,"featured_media":0,"parent":0,"menu_order":0,"comment_status":"closed","ping_status":"closed","template":"","meta":{"footnotes":""},"class_list":["post-25","page","type-page","status-publish","hentry"],"_links":{"self":[{"href":"https:\/\/oeztoprakservice.mediadesign-linke.de\/index.php\/wp-json\/wp\/v2\/pages\/25","targetHints":{"allow":["GET"]}}],"collection":[{"href":"https:\/\/oeztoprakservice.mediadesign-linke.de\/index.php\/wp-json\/wp\/v2\/pages"}],"about":[{"href":"https:\/\/oeztoprakservice.mediadesign-linke.de\/index.php\/wp-json\/wp\/v2\/types\/page"}],"author":[{"embeddable":true,"href":"https:\/\/oeztoprakservice.mediadesign-linke.de\/index.php\/wp-json\/wp\/v2\/users\/1"}],"replies":[{"embeddable":true,"href":"https:\/\/oeztoprakservice.mediadesign-linke.de\/index.php\/wp-json\/wp\/v2\/comments?post=25"}],"version-history":[{"count":10,"href":"https:\/\/oeztoprakservice.mediadesign-linke.de\/index.php\/wp-json\/wp\/v2\/pages\/25\/revisions"}],"predecessor-version":[{"id":297,"href":"https:\/\/oeztoprakservice.mediadesign-linke.de\/index.php\/wp-json\/wp\/v2\/pages\/25\/revisions\/297"}],"wp:attachment":[{"href":"https:\/\/oeztoprakservice.mediadesign-linke.de\/index.php\/wp-json\/wp\/v2\/media?parent=25"}],"curies":[{"name":"wp","href":"https:\/\/api.w.org\/{rel}","templated":true}]}}