{"id":23,"date":"2014-12-16T23:14:42","date_gmt":"2014-12-16T21:14:42","guid":{"rendered":"https:\/\/oeztoprakservice.mediadesign-linke.de\/?page_id=23"},"modified":"2018-08-24T20:34:52","modified_gmt":"2018-08-24T18:34:52","slug":"sandstrahlen","status":"publish","type":"page","link":"https:\/\/oeztoprakservice.mediadesign-linke.de\/index.php\/sandstrahlen\/","title":{"rendered":"Sandstrahlen"},"content":{"rendered":"<p>Wir sind f\u00fcr Sie auch <strong>MOBIL<\/strong> unterwegs. Die \u00d6ztoprak Service GmbH sandstrahlt bei Ihnen vor Ort die verschiedensten Untergr\u00fcnde und sorgt so f\u00fcr einen neuen und frischen Eindruck Ihrer Geb\u00e4ude oder individuellen Oberfl\u00e4chen. Mit Hilfe eines geb\u00fcndelten Sandstrahls und dem entsprechenden technischen Know-How lassen Sie sich so verschiedenste Verunreinigungen wie z.B. Rost, Farbe oder andere Verschmutzungen leicht entfernen.<\/p>\n<p>So brauchen Sie z.B. Ihre rostigen Tore nicht erst auszubauen und zu transportieren \u2013 <strong>wir kommen direkt zu Ihnen und entrosten oder reinigen bei Ihnen an Ort und Stelle<\/strong>.<\/p>\n<p>Sie haben Fragen oder m\u00f6chten gerne mehr zu diesem besonderen Service erfahren?<br \/>\nKein Problem. Nutzen Sie gerne einfach unser Onlinekontaktformular oder schreiben uns gerne eine Email, unsere geschulten Mitarbeiter beraten Sie gerne.<\/p>\n<h2 class=\"h2_sonst\">Einsatzgebiete des Mobilen Sandstrahlens<\/h2>\n<p>Unsere mobilen Sandstrahlger\u00e4te kommen f\u00fcr Reinigungsarbeiten an Geb\u00e4uden (z.B. Fassaden, Fachwerk u.a.) zum Einsatz.<\/p>\n<p><img loading=\"lazy\" decoding=\"async\" src=\"\/wp-content\/uploads\/2014\/12\/Sandstrahlen-Oeztoprak-Service-GmbH.jpg\" alt=\"Sandstrahlen \u00d6ztoprak Service GmbH\" title=\"Sandstrahlen \u00d6ztoprak Service GmbH\" width=\"298\" height=\"168\" class=\"alignnone size-full wp-image-188\" \/><br \/>\n<img loading=\"lazy\" decoding=\"async\" src=\"\/wp-content\/uploads\/2014\/12\/Sandstrahlen-danach-Oeztoprak-Service-GmbH.jpg\" alt=\"Sandstrahlen \u00d6ztoprak Service GmbH\" title=\"Sandstrahlen \u00d6ztoprak Service GmbH\" width=\"298\" height=\"168\" class=\"alignnone size-full wp-image-189\" \/><\/p>\n","protected":false},"excerpt":{"rendered":"<p>Wir sind f\u00fcr Sie auch MOBIL unterwegs. Die \u00d6ztoprak Service GmbH sandstrahlt bei Ihnen vor Ort die verschiedensten Untergr\u00fcnde und sorgt so f\u00fcr einen neuen und frischen Eindruck Ihrer Geb\u00e4ude oder individuellen Oberfl\u00e4chen. Mit Hilfe eines geb\u00fcndelten Sandstrahls und dem &#8230; <a class=\"more-link\" href=\"https:\/\/oeztoprakservice.mediadesign-linke.de\/index.php\/sandstrahlen\/\">Read More &raquo;<\/a><\/p>\n","protected":false},"author":1,"featured_media":0,"parent":0,"menu_order":0,"comment_status":"closed","ping_status":"closed","template":"","meta":{"footnotes":""},"class_list":["post-23","page","type-page","status-publish","hentry"],"_links":{"self":[{"href":"https:\/\/oeztoprakservice.mediadesign-linke.de\/index.php\/wp-json\/wp\/v2\/pages\/23","targetHints":{"allow":["GET"]}}],"collection":[{"href":"https:\/\/oeztoprakservice.mediadesign-linke.de\/index.php\/wp-json\/wp\/v2\/pages"}],"about":[{"href":"https:\/\/oeztoprakservice.mediadesign-linke.de\/index.php\/wp-json\/wp\/v2\/types\/page"}],"author":[{"embeddable":true,"href":"https:\/\/oeztoprakservice.mediadesign-linke.de\/index.php\/wp-json\/wp\/v2\/users\/1"}],"replies":[{"embeddable":true,"href":"https:\/\/oeztoprakservice.mediadesign-linke.de\/index.php\/wp-json\/wp\/v2\/comments?post=23"}],"version-history":[{"count":6,"href":"https:\/\/oeztoprakservice.mediadesign-linke.de\/index.php\/wp-json\/wp\/v2\/pages\/23\/revisions"}],"predecessor-version":[{"id":275,"href":"https:\/\/oeztoprakservice.mediadesign-linke.de\/index.php\/wp-json\/wp\/v2\/pages\/23\/revisions\/275"}],"wp:attachment":[{"href":"https:\/\/oeztoprakservice.mediadesign-linke.de\/index.php\/wp-json\/wp\/v2\/media?parent=23"}],"curies":[{"name":"wp","href":"https:\/\/api.w.org\/{rel}","templated":true}]}}