{"id":19,"date":"2014-12-16T23:12:56","date_gmt":"2014-12-16T21:12:56","guid":{"rendered":"https:\/\/oeztoprakservice.mediadesign-linke.de\/?page_id=19"},"modified":"2014-12-29T16:12:46","modified_gmt":"2014-12-29T14:12:46","slug":"haushaltsaufloesung-entruempelungsdienste","status":"publish","type":"page","link":"https:\/\/oeztoprakservice.mediadesign-linke.de\/index.php\/haushaltsaufloesung-entruempelungsdienste\/","title":{"rendered":"Haushaltsaufl\u00f6sung und Entr\u00fcmpelungsdienste"},"content":{"rendered":"<p>Unser Unternehmen bietet Ihnen gerne preiswerte <strong>Betriebsaufl\u00f6sungen, Haushaltsaufl\u00f6sung<\/strong> und <strong>Entr\u00fcmpelungsdienste<\/strong> in Salzgitter und Umgebung an.<\/p>\n<p>Nach einer f\u00fcr Sie <strong>komplett kostenlosen Besichtigung<\/strong> erhalten Sie von uns noch vor Ort ein <strong>unverbindliches Angebot<\/strong>. Soweit es uns m\u00f6glich ist, werden wir die Einrichtungsgegenst\u00e4nde und M\u00f6bel an lokal ans\u00e4ssige soziale Einrichtigungen wie zum Beispiel die Diakonie Salzgitter abgeben. Wir arbeiten zuverl\u00e4ssig, schnell, sauber und g\u00fcnstig.<\/p>\n<p><strong>Gerne nehmen wir auch kurzfristige und dringende Termine an, sprechen Sie uns doch hierzu einfach an, auch am Wochenende!<\/strong><\/p>\n<p><strong>Wir freuen uns auf Ihren Anruf.<\/strong><\/p>\n<table>\n<tr>\n<td><strong>Kostenlos:<\/strong><\/td>\n<td><strong>Zufriedenheit:<\/strong><\/td>\n<td><strong>Umweltgerecht:<\/strong><\/td>\n<\/tr>\n<tr>\n<td>Die Anfahrt, Besichtigung, Beratung und ein unverbindliches Angebot sind in <strong>Salzgitter<\/strong> und <strong>Umgebung<\/strong> f\u00fcr Sie v\u00f6llig kostenlos.<\/td>\n<td>Unser Fachpersonal arbeitet <strong>diskret, zuverl\u00e4ssig, schnell und sauber<\/strong> sowie mit fairen Pauschalpreisen <strong>ohne versteckte Kosten.<\/strong><\/td>\n<td>Wir garantieren f\u00fcr eine absolut <strong>umweltgerechte<\/strong> Entsorgung des anfallenden Abfalles. Dieser wird <strong>ordnungsgem\u00e4\u00df<\/strong> getrennt und in <strong>lokalen Recycling-h\u00f6fen<\/strong> fachgerecht und <strong>umweltbewu\u00dft<\/strong> entsorgt.<\/td>\n<\/tr>\n<\/table>\n<p>Mit der \u00d6ztoprak Service GmbH sind Sie auf der richtigen Seite, denn in unserem Unternehmen wird Zuverl\u00e4ssigkeit gro\u00df geschrieben.<\/p>\n<p>Sollten Sie einmal selbst nicht vor Ort sein, k\u00f6nnen Sie dennoch beruhigt sein. Wir f\u00fchren alle Arbeiten professionell und nur nach genauer Absprache mit Ihnen durch. Im Anschluss bzw. nach der Fertigstellung erfolgt dann eine gemeinsame Abnahme des Objektes, wobei selbstverst\u00e4ndlich alle von uns benutzten Wege und G\u00e4nge besenrein \u00fcbergeben werden.<\/p>\n<p><strong>Wir entr\u00fcmpeln vom Keller bis zum Dach und entsorgen alle Objekte absolut fach- und umweltgerecht.<\/strong><\/p>\n<p>Die \u00d6ztoprak Service GmbH ist ebenfalls Ihr kompetenter Partner, wenn es darum geht, Ihren Betrieb, Ihr Gesch\u00e4ft oder Ihr B\u00fcro aufzul\u00f6sen. Wir entsorgen so gut wie alles \u2013 von Ihren B\u00fcchern, Geschirr, M\u00f6bel, Akten, Elektroger\u00e4te, Bauschutt, Gartenabf\u00e4lle, Restm\u00fcll, Sperrm\u00fcll sowie auch Sonder- und Hausm\u00fcll. Auch besonders schwere H\u00e4rtef\u00e4lle wie zum Beispiel \u201cMessie\u201d-Wohnungen sind in unserem Leistungsspektrum enthalten.<\/p>\n<p><span class=\"farbe-orange\">><\/span> <a href=\"https:\/\/oeztoprakservice.mediadesign-linke.de\/index.php\/kontakt\/\" title=\"Zum Kontaktformular der \u00d6ztoprak Service GmbH\"> <strong>Holen Sie sich jetzt ein kostenloses und unverbindliches Angebot.<\/strong><\/a><\/p>\n","protected":false},"excerpt":{"rendered":"<p>Unser Unternehmen bietet Ihnen gerne preiswerte Betriebsaufl\u00f6sungen, Haushaltsaufl\u00f6sung und Entr\u00fcmpelungsdienste in Salzgitter und Umgebung an. Nach einer f\u00fcr Sie komplett kostenlosen Besichtigung erhalten Sie von uns noch vor Ort ein unverbindliches Angebot. Soweit es uns m\u00f6glich ist, werden wir die &#8230; <a class=\"more-link\" href=\"https:\/\/oeztoprakservice.mediadesign-linke.de\/index.php\/haushaltsaufloesung-entruempelungsdienste\/\">Read More &raquo;<\/a><\/p>\n","protected":false},"author":1,"featured_media":0,"parent":0,"menu_order":0,"comment_status":"closed","ping_status":"closed","template":"","meta":{"footnotes":""},"class_list":["post-19","page","type-page","status-publish","hentry"],"_links":{"self":[{"href":"https:\/\/oeztoprakservice.mediadesign-linke.de\/index.php\/wp-json\/wp\/v2\/pages\/19","targetHints":{"allow":["GET"]}}],"collection":[{"href":"https:\/\/oeztoprakservice.mediadesign-linke.de\/index.php\/wp-json\/wp\/v2\/pages"}],"about":[{"href":"https:\/\/oeztoprakservice.mediadesign-linke.de\/index.php\/wp-json\/wp\/v2\/types\/page"}],"author":[{"embeddable":true,"href":"https:\/\/oeztoprakservice.mediadesign-linke.de\/index.php\/wp-json\/wp\/v2\/users\/1"}],"replies":[{"embeddable":true,"href":"https:\/\/oeztoprakservice.mediadesign-linke.de\/index.php\/wp-json\/wp\/v2\/comments?post=19"}],"version-history":[{"count":12,"href":"https:\/\/oeztoprakservice.mediadesign-linke.de\/index.php\/wp-json\/wp\/v2\/pages\/19\/revisions"}],"predecessor-version":[{"id":220,"href":"https:\/\/oeztoprakservice.mediadesign-linke.de\/index.php\/wp-json\/wp\/v2\/pages\/19\/revisions\/220"}],"wp:attachment":[{"href":"https:\/\/oeztoprakservice.mediadesign-linke.de\/index.php\/wp-json\/wp\/v2\/media?parent=19"}],"curies":[{"name":"wp","href":"https:\/\/api.w.org\/{rel}","templated":true}]}}