{"id":17,"date":"2014-12-16T23:11:46","date_gmt":"2014-12-16T21:11:46","guid":{"rendered":"https:\/\/oeztoprakservice.mediadesign-linke.de\/?page_id=17"},"modified":"2026-01-12T10:52:06","modified_gmt":"2026-01-12T08:52:06","slug":"e-team-malerfachbetrieb","status":"publish","type":"page","link":"https:\/\/oeztoprakservice.mediadesign-linke.de\/index.php\/e-team-malerfachbetrieb\/","title":{"rendered":"E-Team Malerfachbetrieb"},"content":{"rendered":"<p>Einen besonderen Bereich unseres t\u00e4glichen Wirkens bildet die direkte Zusammenarbeit mit anderen befreundeten Unternehmen. Stringente und effektive Teamarbeit sowie die professionelle Vernetzung von unterschiedlichen Fach-Kompetenzen und F\u00e4higkeiten der Mitarbeiter bilden dabei die Kernelemente &#8211; denn im Verbund lassen sich so gemeinsam Ihre Projekte noch effizienter planen und anschlie\u00dfend Hand in Hand realisieren.<\/p>\n<p>In enger Zusammenarbeit sind wir so in der Lage, f\u00fcr Sie unterschiedlichste Bau- und Fertigungsprojekte in deren Teibereichen umzusetzen, bei denen Sie jederzeit alles im Blick haben und auch bei Fragen niemals alleine stehen. Als Netzwerk arbeiten beide Unternehmen selbstst\u00e4ndig in Ihrem jeweiligen Fachbereich &#8211; dennoch bleiben aktuelle Informationen zu z.B. dem Fortgang der Arbeiten auf Basis einer engen Struktur- und Kompetenzverkn\u00fcpfung jederzeit \u00fcbersichtlich und transparent.<\/p>\n<p><a href=\"https:\/\/www.e-team-gmbh.de\/\"><img loading=\"lazy\" decoding=\"async\" src=\"https:\/\/oeztoprakservice.mediadesign-linke.de\/wp-content\/uploads\/2014\/12\/E-Team-Malerfachbetrieb.png\" alt=\"E-Team Malerfachbetrieb\" width=\"227\" height=\"45\" class=\"alignleft size-full wp-image-122\" \/><\/a><\/p>\n<p><\/br><br \/>\n<\/br><\/p>\n<p>Das Team vom <strong>E-Team Malerfachbetrieb<\/strong> f\u00fchrt generell alle Maler-Lackier- und Tappezierarbeiten in Ihren Innen- und Au\u00dfenbereichen durch. Durch unterschiedliche Anwendungstechniken und das entsprechende Know-How sind die Mitarbeiter in der Lage, Ihre R\u00e4umlichkeiten oder Geb\u00e4ude ganz nach Ihren individuellen W\u00fcnschen zu konzipieren und zu gestalten.<\/p>\n<p>Auf Wunsch \u00fcberpr\u00fcfen die geschulten Mitarbeiter mit Ihnen gemeinsam Ihre R\u00e4umlichkeiten und Gegebenheiten vor Ort, beraten Sie ausf\u00fchrlich zu Vorgehensweisen und sinnvollen L\u00f6sungen und erstellen so f\u00fcr Sie ein individuelles Umsetzungs- und Gestaltungskonzept.<\/p>\n<h2 class=\"h2_sonst\">Arbeits- und Leistungsbereiche des E-Team Malerfachbetriebs:<\/h2>\n<ul>\n<li>Malerarbeiten im Innen- und Au\u00dfenbereich<\/li>\n<li>Individuelle Farb- und Designberatung f\u00fcr Sie<\/li>\n<li>Tapezierarbeiten mit verschiedenen Tapetenarten m\u00f6glich<\/li>\n<li>unterschiedliche Lackierarbeiten z.B. T\u00fcren oder Treppenhaus<\/li>\n<li>Verlegung von Bodenbel\u00e4gen wie PVC, Teppichb\u00f6den etc.<\/li>\n<li>Betonsanierung\/W\u00e4rmed\u00e4mmung sowie Energieberatung vor Ort<\/li>\n<li>professioneller Einsatz hochwertiger und umweltschonender Produkte<\/li>\n<li>Trockenbauarbeiten<\/li>\n<li>Anbringen von Wand-\/Deckenpaneele<\/li>\n<li>Einbau von genormten Fertigbauteilen z. B. T\u00fcren, Fenster <\/li>\n<\/ul>\n<p>Sie haben Fragen oder m\u00f6chten gerne mehr zu dem E-Team Malerfachbetrieb und dem Serviceangebot erfahren? Sprechen Sie uns gerne an, unsere Mitarbeiter beraten Sie gerne telefonisch oder nutzen Sie unser<br \/> <span class=\"farbe-orange\">&gt;<\/span> <a title=\"Zum Kontaktformular der \u00d6ztoprak Service GmbH\" href=\"https:\/\/oeztoprakservice.mediadesign-linke.de\/index.php\/kontakt\/\"> Online-Kontaktformular<\/a>.<\/p>\n","protected":false},"excerpt":{"rendered":"<p>Einen besonderen Bereich unseres t\u00e4glichen Wirkens bildet die direkte Zusammenarbeit mit anderen befreundeten Unternehmen. Stringente und effektive Teamarbeit sowie die professionelle Vernetzung von unterschiedlichen Fach-Kompetenzen und F\u00e4higkeiten der Mitarbeiter bilden dabei die Kernelemente &#8211; denn im Verbund lassen sich so &#8230; <a class=\"more-link\" href=\"https:\/\/oeztoprakservice.mediadesign-linke.de\/index.php\/e-team-malerfachbetrieb\/\">Read More &raquo;<\/a><\/p>\n","protected":false},"author":1,"featured_media":0,"parent":0,"menu_order":0,"comment_status":"closed","ping_status":"closed","template":"","meta":{"footnotes":""},"class_list":["post-17","page","type-page","status-publish","hentry"],"_links":{"self":[{"href":"https:\/\/oeztoprakservice.mediadesign-linke.de\/index.php\/wp-json\/wp\/v2\/pages\/17","targetHints":{"allow":["GET"]}}],"collection":[{"href":"https:\/\/oeztoprakservice.mediadesign-linke.de\/index.php\/wp-json\/wp\/v2\/pages"}],"about":[{"href":"https:\/\/oeztoprakservice.mediadesign-linke.de\/index.php\/wp-json\/wp\/v2\/types\/page"}],"author":[{"embeddable":true,"href":"https:\/\/oeztoprakservice.mediadesign-linke.de\/index.php\/wp-json\/wp\/v2\/users\/1"}],"replies":[{"embeddable":true,"href":"https:\/\/oeztoprakservice.mediadesign-linke.de\/index.php\/wp-json\/wp\/v2\/comments?post=17"}],"version-history":[{"count":41,"href":"https:\/\/oeztoprakservice.mediadesign-linke.de\/index.php\/wp-json\/wp\/v2\/pages\/17\/revisions"}],"predecessor-version":[{"id":348,"href":"https:\/\/oeztoprakservice.mediadesign-linke.de\/index.php\/wp-json\/wp\/v2\/pages\/17\/revisions\/348"}],"wp:attachment":[{"href":"https:\/\/oeztoprakservice.mediadesign-linke.de\/index.php\/wp-json\/wp\/v2\/media?parent=17"}],"curies":[{"name":"wp","href":"https:\/\/api.w.org\/{rel}","templated":true}]}}