{"id":143,"date":"2014-12-24T23:00:13","date_gmt":"2014-12-24T21:00:13","guid":{"rendered":"https:\/\/oeztoprakservice.mediadesign-linke.de\/?page_id=143"},"modified":"2018-08-23T21:00:59","modified_gmt":"2018-08-23T19:00:59","slug":"demontage","status":"publish","type":"page","link":"https:\/\/oeztoprakservice.mediadesign-linke.de\/index.php\/demontage\/","title":{"rendered":"Demontage"},"content":{"rendered":"<p>Die Demontage eines Geb\u00e4udes ist immer dann erforderlich und sinnvoll, wenn seine Bausubstanz soweit gesch\u00e4digt oder in die Jahre gekommen ist, dass eine Renovierung oder Sanierung nicht mehr m\u00f6glich ist oder aber nicht ausreichen w\u00fcrde, das Geb\u00e4ude vollst\u00e4ndig zu erneuern.<\/p>\n<p>Bei der Entkernung werden alle Bauteile bis auf den Keller, die Bodenplatte und die tragenden W\u00e4nde abgetragen und entfernt. Hierbei spielt es eine besondere Rolle, in welchem Zustand sich das Geb\u00e4ude insgesamt befindet.<\/p>\n<p><img loading=\"lazy\" decoding=\"async\" class=\"alignnone size-full wp-image-184 alignleft\" title=\"Abbruch und Entkernung - \u00d6ztoprak Service GmbH\" src=\"https:\/\/oeztoprakservice.mediadesign-linke.de\/wp-content\/uploads\/2014\/12\/Abbruch-Entkernung-Oeztoprak-Service-GmbH.jpg\" alt=\"Abbruch und Entkernung - \u00d6ztoprak Service GmbH\" width=\"225\" height=\"300\" \/><\/p>\n<p>Hier haben Sie mit der <strong>\u00d6ztoprak Service GmbH<\/strong> einen starken Partner an Ihrer Seite. Nach einer ersten sorgf\u00e4ltigen Begutachtung des Geb\u00e4udes gemeinsam mit Ihnen erstellen unsere geschulten Mitarbeiter zun\u00e4chst ein <strong>individuelles Konzept mit Aufwand- und Kostenplanung<\/strong> zur Umsetzung der m\u00f6glichen und sinnvollen Abbruch- und Entkern-<br \/>\nungsarbeiten. Schritt f\u00fcr Schritt entwickeln wir so die passende und effektivste Vorgehensweise f\u00fcr Ihr Geb\u00e4ude, denn aus unserer Erfahrung wissen wir, dass kein Geb\u00e4ude dem anderen gleicht.<\/p>\n<p>Auf Basis unserer langj\u00e4hrigen Erfahrungen und Fachkompetenz sind wir anschlie\u00dfend in der Lage, jeden Arbeitschritt mit Sorgfalt, technischem Know How und Transparenz f\u00fcr Sie in der Durchf\u00fchrung umzusetzen. Durch einen direkten Ansprechpartner vor Ort und einer klaren Zeitstrukturierung haben Sie so jederzeit Einblick in den Fortgang der Arbeiten und die Zwischenschritte.<\/p>\n<p>Sie haben Fragen zu einer m\u00f6glichen Entkernung Ihres Geb\u00e4udes oder suchen einen starken Partner, der Sie bei der Aufbereitung Ihres Geb\u00e4udes mit Rat und Tat zur Seite steht? Dann sprechen Sie uns an \u2013 die \u00d6ztoprak Service GmbH unterst\u00fctzt Sie gerne mit Kompetenz, langj\u00e4hrigem Know How und technischen Mitteln nach neuestem Stand. Kontaktieren Sie uns einfach telefonisch, online oder per Email \u2013 wir sind f\u00fcr Sie da und freuen uns auf Ihre Anfrage.<\/p>\n<p><strong>\u00d6ztoprak Service GmbH &#8211; Abbruch und Entkernung \u2013 wir finden immer die optimale L\u00f6sung f\u00fcr Sie und setzen diese auch um.<\/strong><\/p>\n","protected":false},"excerpt":{"rendered":"<p>Die Demontage eines Geb\u00e4udes ist immer dann erforderlich und sinnvoll, wenn seine Bausubstanz soweit gesch\u00e4digt oder in die Jahre gekommen ist, dass eine Renovierung oder Sanierung nicht mehr m\u00f6glich ist oder aber nicht ausreichen w\u00fcrde, das Geb\u00e4ude vollst\u00e4ndig zu erneuern. &#8230; <a class=\"more-link\" href=\"https:\/\/oeztoprakservice.mediadesign-linke.de\/index.php\/demontage\/\">Read More &raquo;<\/a><\/p>\n","protected":false},"author":1,"featured_media":0,"parent":0,"menu_order":0,"comment_status":"closed","ping_status":"closed","template":"","meta":{"footnotes":""},"class_list":["post-143","page","type-page","status-publish","hentry"],"_links":{"self":[{"href":"https:\/\/oeztoprakservice.mediadesign-linke.de\/index.php\/wp-json\/wp\/v2\/pages\/143","targetHints":{"allow":["GET"]}}],"collection":[{"href":"https:\/\/oeztoprakservice.mediadesign-linke.de\/index.php\/wp-json\/wp\/v2\/pages"}],"about":[{"href":"https:\/\/oeztoprakservice.mediadesign-linke.de\/index.php\/wp-json\/wp\/v2\/types\/page"}],"author":[{"embeddable":true,"href":"https:\/\/oeztoprakservice.mediadesign-linke.de\/index.php\/wp-json\/wp\/v2\/users\/1"}],"replies":[{"embeddable":true,"href":"https:\/\/oeztoprakservice.mediadesign-linke.de\/index.php\/wp-json\/wp\/v2\/comments?post=143"}],"version-history":[{"count":8,"href":"https:\/\/oeztoprakservice.mediadesign-linke.de\/index.php\/wp-json\/wp\/v2\/pages\/143\/revisions"}],"predecessor-version":[{"id":272,"href":"https:\/\/oeztoprakservice.mediadesign-linke.de\/index.php\/wp-json\/wp\/v2\/pages\/143\/revisions\/272"}],"wp:attachment":[{"href":"https:\/\/oeztoprakservice.mediadesign-linke.de\/index.php\/wp-json\/wp\/v2\/media?parent=143"}],"curies":[{"name":"wp","href":"https:\/\/api.w.org\/{rel}","templated":true}]}}