{"id":14,"date":"2014-12-16T23:08:06","date_gmt":"2014-12-16T21:08:06","guid":{"rendered":"https:\/\/oeztoprakservice.mediadesign-linke.de\/?page_id=14"},"modified":"2014-12-29T16:04:49","modified_gmt":"2014-12-29T14:04:49","slug":"brandschadenbeseitigung-und-wasserschadenbeseitigung","status":"publish","type":"page","link":"https:\/\/oeztoprakservice.mediadesign-linke.de\/index.php\/brandschadenbeseitigung-und-wasserschadenbeseitigung\/","title":{"rendered":"Brandschadenbeseitigung und Wasserschadenbeseitigung"},"content":{"rendered":"<p>Ein Brandschaden oder Wasserschaden an sich ist f\u00fcr den Betroffenen schon schlimm genug, aber wenn ein Feuer gel\u00f6scht ist oder das Wasser gestoppt wurde, f\u00e4ngt die eigentliche Arbeit oft erst an.<\/p>\n<p>So m\u00fcssen Sch\u00e4den, die das Feuer und das L\u00f6schwasser verursacht haben, schnellstm\u00f6glich und fachgerecht beseitigt werden, damit in Betrieben die Produktion weitergehen oder bei Privatleuten das Alltagsleben wieder Einzug halten kann. Ebenso k\u00f6nnen auch Wassersch\u00e4den, wie zum Beispiel durch einen Wasserrohrbruch immense Sch\u00e4den an der jeweiligen Immobilie anrichten.<\/p>\n<p>F\u00fcr eine <strong>sachgerechte Brandschadenbeseitigung und Wasserschadenbeseitigung<\/strong><span class=\"farbe-orange\"> *<\/span> sind in so einem Fall erfahrene Fachkr\u00e4fte und der Einsatz von speziellen Reinigungsmitteln unabdingbar.<\/p>\n<p><strong>Wir sind f\u00fcr Sie da<\/strong> \u2013 von der Einleitung von Notma\u00dfnahmen bis zur schl\u00fcsselfertigen Schadensbehebung, <strong>wir k\u00fcmmern uns f\u00fcr Sie um die gesamte Abwicklung der Schadensbeseitigung<\/strong>.<\/p>\n<p><img loading=\"lazy\" decoding=\"async\" src=\"https:\/\/oeztoprakservice.mediadesign-linke.de\/wp-content\/uploads\/2014\/12\/Brandschaden-Oztoprak-Service-GmbH.jpg\" alt=\"Brandschadenbeseitigung - \u00d6ztoprak Service GmbH\" title=\"Brandschadenbeseitigung - \u00d6ztoprak Service GmbH\" width=\"270\" height=\"202\" class=\"alignnone size-full wp-image-151\" \/><\/p>\n<h2 class=\"h2_sonst\">Wir helfen, schnell und sicher<\/h2>\n<p>Jeder Schaden ist \u00e4rgerlich und meist mit viel Arbeit verbunden. Wir nehmen Ihnen diese Arbeiten gerne ab und bieten Ihnen eine professionelle Unterst\u00fctzung, die keine W\u00fcnsche offen l\u00e4sst:<\/p>\n<ul>\n<li>Geb\u00e4udereinigung<\/li>\n<li>Brandschadenbeseitigung<\/li>\n<li>Wasserschadenbeseitigung<\/li>\n<li>Abbruch- und Entkernungsarbeiten<\/li>\n<li>Inventarsanierung<\/li>\n<li>Hausratsanierung<\/li>\n<li>Teppich-Schamponierung<\/li>\n<li>Hochdruckverfahren<\/li>\n<\/ul>\n<div class=\"brandschadenbeseitigung-bilder\"><figure id=\"attachment_155\" aria-describedby=\"caption-attachment-155\" style=\"width: 270px\" class=\"wp-caption alignnone\"><img loading=\"lazy\" decoding=\"async\" src=\"https:\/\/oeztoprakservice.mediadesign-linke.de\/wp-content\/uploads\/2014\/12\/Brandschadenbeseitigung-Handwischverfahren.jpg\" alt=\"Brandschadenbeseitigung im Handwischverfahren - \u00d6ztoprak Service GmbH\" title=\"Brandschadenbeseitigung im Handwischverfahren - \u00d6ztoprak Service GmbH\" width=\"270\" height=\"202\" class=\"size-full wp-image-155\" \/><figcaption id=\"caption-attachment-155\" class=\"wp-caption-text\">Vorher \/ Nachher im Handwischverfahren<\/figcaption><\/figure><\/div>\n<div class=\"brandschadenbeseitigung-bilder\"><figure id=\"attachment_158\" aria-describedby=\"caption-attachment-158\" style=\"width: 270px\" class=\"wp-caption alignnone\"><img loading=\"lazy\" decoding=\"async\" src=\"https:\/\/oeztoprakservice.mediadesign-linke.de\/wp-content\/uploads\/2014\/12\/Brandschadenbeseitigung-Hochdruckverfahren.jpg\" alt=\"Brandschadenbeseitigung im Hochdruckverfahren - \u00d6ztoprak Service GmbH\" title=\"Brandschadenbeseitigung im Hochdruckverfahren - \u00d6ztoprak Service GmbH\" width=\"270\" height=\"203\" class=\"size-full wp-image-158\" \/><figcaption id=\"caption-attachment-158\" class=\"wp-caption-text\">Vorher \/ Nachher im Hochdruckverfahren<\/figcaption><\/figure><\/div>\n<div class=\"sauber\"><\/div>\n<p class=\"brandschadenbeseitigung-abstand\"><strong>\u00d6ztoprak Service GmbH \u2013 Mit uns sind Sie auf der sauberen Seite.<\/strong><\/p>\n<p class=\"brandschadenbeseitigung-abstand\"><span class=\"farbe-orange\">* <\/span>Dieser Service ist nur als Dienstleister ( f\u00fcr Gewerbe ) m\u00f6glich.<\/p>\n","protected":false},"excerpt":{"rendered":"<p>Ein Brandschaden oder Wasserschaden an sich ist f\u00fcr den Betroffenen schon schlimm genug, aber wenn ein Feuer gel\u00f6scht ist oder das Wasser gestoppt wurde, f\u00e4ngt die eigentliche Arbeit oft erst an. So m\u00fcssen Sch\u00e4den, die das Feuer und das L\u00f6schwasser &#8230; <a class=\"more-link\" href=\"https:\/\/oeztoprakservice.mediadesign-linke.de\/index.php\/brandschadenbeseitigung-und-wasserschadenbeseitigung\/\">Read More &raquo;<\/a><\/p>\n","protected":false},"author":1,"featured_media":0,"parent":0,"menu_order":0,"comment_status":"closed","ping_status":"closed","template":"","meta":{"footnotes":""},"class_list":["post-14","page","type-page","status-publish","hentry"],"_links":{"self":[{"href":"https:\/\/oeztoprakservice.mediadesign-linke.de\/index.php\/wp-json\/wp\/v2\/pages\/14","targetHints":{"allow":["GET"]}}],"collection":[{"href":"https:\/\/oeztoprakservice.mediadesign-linke.de\/index.php\/wp-json\/wp\/v2\/pages"}],"about":[{"href":"https:\/\/oeztoprakservice.mediadesign-linke.de\/index.php\/wp-json\/wp\/v2\/types\/page"}],"author":[{"embeddable":true,"href":"https:\/\/oeztoprakservice.mediadesign-linke.de\/index.php\/wp-json\/wp\/v2\/users\/1"}],"replies":[{"embeddable":true,"href":"https:\/\/oeztoprakservice.mediadesign-linke.de\/index.php\/wp-json\/wp\/v2\/comments?post=14"}],"version-history":[{"count":26,"href":"https:\/\/oeztoprakservice.mediadesign-linke.de\/index.php\/wp-json\/wp\/v2\/pages\/14\/revisions"}],"predecessor-version":[{"id":218,"href":"https:\/\/oeztoprakservice.mediadesign-linke.de\/index.php\/wp-json\/wp\/v2\/pages\/14\/revisions\/218"}],"wp:attachment":[{"href":"https:\/\/oeztoprakservice.mediadesign-linke.de\/index.php\/wp-json\/wp\/v2\/media?parent=14"}],"curies":[{"name":"wp","href":"https:\/\/api.w.org\/{rel}","templated":true}]}}