{"id":10,"date":"2014-12-16T23:05:45","date_gmt":"2014-12-16T21:05:45","guid":{"rendered":"https:\/\/oeztoprakservice.mediadesign-linke.de\/?page_id=10"},"modified":"2014-12-30T22:05:58","modified_gmt":"2014-12-30T20:05:58","slug":"oeztoprak-service-gmbh-2","status":"publish","type":"page","link":"https:\/\/oeztoprakservice.mediadesign-linke.de\/","title":{"rendered":"Herzlich willkommen bei der \u00d6ztoprak Service GmbH"},"content":{"rendered":"<p>Sie suchen einen starken Partner f\u00fcr Ihre Sanierung, Reinigung oder Schadensbeseitigung? Dann sind Sie bei der <strong>\u00d6ztoprak Service GmbH<\/strong> genau richtig. Als professioneller Dienstleister gehen wir ganz speziell auf Ihre individuellen Anspr\u00fcche ein und unterst\u00fctzen Sie gerne mit unseren kompetenten Angeboten und langj\u00e4hrigen Erfahrungen.<\/p>\n<p>Informieren Sie sich doch auf den folgenden Seiten n\u00e4her zu unserem Unternehmen und unseren Leistungen. Bei Fragen stehen wir Ihnen nat\u00fcrlich jederzeit mit Rat &#038; Tat zur Seite und freuen uns, wenn wir Ihnen behilflich sein k\u00f6nnen.<\/p>\n<div class=\"icon-block-start\">\n<img loading=\"lazy\" decoding=\"async\" src=\"https:\/\/oeztoprakservice.mediadesign-linke.de\/wp-content\/uploads\/2014\/12\/Leistungen-Oeztoprak-Service-GmbH.png\" alt=\"Leistungen \u00d6ztoprak Service GmbH\" title=\"Leistungen \u00d6ztoprak Service GmbH\" width=\"52\" height=\"43\" class=\"alignnone size-full wp-image-72\" \/><\/p>\n<h2 class=\"h2_start\">Unsere Leistungen<\/h2>\n<p>Wir stehen Ihnen w\u00e4hrend des gesamten Projektes beratend zur Seite, informieren Sie \u00fcber jeden Schritt unserer T\u00e4tigkeit und erkl\u00e4ren Ihnen gerne die Abl\u00e4ufe, die wir individuell auf Sie angepasst haben.<\/p>\n<p><span class=\"farbe-orange\">><\/span> <a href=\"https:\/\/oeztoprakservice.mediadesign-linke.de\/index.php\/unsere-leistungen\/\" title=\"Leistungen der \u00d6ztoprak Service GmbH\">Entdecken Sie unsere Leistungen<\/a>\n<\/div>\n<div class=\"icon-block-start-2\">\n<img loading=\"lazy\" decoding=\"async\" src=\"https:\/\/oeztoprakservice.mediadesign-linke.de\/wp-content\/uploads\/2014\/12\/Ueber-Oeztoprak-Service-GmbH.png\" alt=\"\u00dcber \u00d6ztoprak Service GmbH\" title=\"\u00dcber \u00d6ztoprak Service GmbH\" width=\"37\" height=\"43\" class=\"alignnone size-full wp-image-86\" \/><\/p>\n<h2 class=\"h2_start\">\u00dcber uns<\/h2>\n<p>Es erf\u00fcllt uns jedes Mal mit Stolz und Freude, wenn ein weiteres Projekt erfolgreich abgeschlossen wurde und wir in die zufriedenen Gesichter unserer Kunden blicken d\u00fcrfen.<\/p>\n<p><span class=\"farbe-orange\">><\/span> <a href=\"https:\/\/oeztoprakservice.mediadesign-linke.de\/index.php\/ueber-uns\/\" title=\"\u00dcber die \u00d6ztoprak Service GmbH\"> Erfahren Sie hier mehr \u00fcber uns<\/a>\n<\/div>\n","protected":false},"excerpt":{"rendered":"<p>Sie suchen einen starken Partner f\u00fcr Ihre Sanierung, Reinigung oder Schadensbeseitigung? Dann sind Sie bei der \u00d6ztoprak Service GmbH genau richtig. Als professioneller Dienstleister gehen wir ganz speziell auf Ihre individuellen Anspr\u00fcche ein und unterst\u00fctzen Sie gerne mit unseren kompetenten &#8230; <a class=\"more-link\" href=\"https:\/\/oeztoprakservice.mediadesign-linke.de\/\">Read More &raquo;<\/a><\/p>\n","protected":false},"author":1,"featured_media":0,"parent":0,"menu_order":0,"comment_status":"closed","ping_status":"closed","template":"","meta":{"footnotes":""},"class_list":["post-10","page","type-page","status-publish","hentry"],"_links":{"self":[{"href":"https:\/\/oeztoprakservice.mediadesign-linke.de\/index.php\/wp-json\/wp\/v2\/pages\/10","targetHints":{"allow":["GET"]}}],"collection":[{"href":"https:\/\/oeztoprakservice.mediadesign-linke.de\/index.php\/wp-json\/wp\/v2\/pages"}],"about":[{"href":"https:\/\/oeztoprakservice.mediadesign-linke.de\/index.php\/wp-json\/wp\/v2\/types\/page"}],"author":[{"embeddable":true,"href":"https:\/\/oeztoprakservice.mediadesign-linke.de\/index.php\/wp-json\/wp\/v2\/users\/1"}],"replies":[{"embeddable":true,"href":"https:\/\/oeztoprakservice.mediadesign-linke.de\/index.php\/wp-json\/wp\/v2\/comments?post=10"}],"version-history":[{"count":20,"href":"https:\/\/oeztoprakservice.mediadesign-linke.de\/index.php\/wp-json\/wp\/v2\/pages\/10\/revisions"}],"predecessor-version":[{"id":90,"href":"https:\/\/oeztoprakservice.mediadesign-linke.de\/index.php\/wp-json\/wp\/v2\/pages\/10\/revisions\/90"}],"wp:attachment":[{"href":"https:\/\/oeztoprakservice.mediadesign-linke.de\/index.php\/wp-json\/wp\/v2\/media?parent=10"}],"curies":[{"name":"wp","href":"https:\/\/api.w.org\/{rel}","templated":true}]}}